{"id":71,"date":"2021-01-21T11:43:33","date_gmt":"2021-01-21T11:43:33","guid":{"rendered":"https:\/\/sonjazillner.de\/?page_id=71"},"modified":"2025-10-26T18:26:16","modified_gmt":"2025-10-26T18:26:16","slug":"impressum","status":"publish","type":"page","link":"https:\/\/sonjazillner.de\/de\/impressum\/","title":{"rendered":"Impressum"},"content":{"rendered":"\n[et_pb_section fb_built=&#8221;1&#8243; _builder_version=&#8221;4.16&#8243; _module_preset=&#8221;default&#8221; global_colors_info=&#8221;{}&#8221;][et_pb_row _builder_version=&#8221;4.16&#8243; _module_preset=&#8221;default&#8221; global_colors_info=&#8221;{}&#8221;][et_pb_column type=&#8221;4_4&#8243; _builder_version=&#8221;4.16&#8243; _module_preset=&#8221;default&#8221; global_colors_info=&#8221;{}&#8221;][et_pb_text _builder_version=&#8221;4.16&#8243; _module_preset=&#8221;default&#8221; header_3_font=&#8221;|700|||||||&#8221; global_colors_info=&#8221;{}&#8221;]<h3>IMPRESSUM<\/h3>[\/et_pb_text][et_pb_text _builder_version=&#8221;4.16&#8243; _module_preset=&#8221;default&#8221; global_colors_info=&#8221;{}&#8221;]<p>Angaben gem\u00e4\u00df \u00a7 55 Abs. 1 RStV:<\/p>\n<p>Prof. Sonja Zillner<br \/>Gartenstr. 14<br \/>86911 Diessen\u00a0<\/p>\n<p>Kontakt:<br \/>E-Mail: email@sonjazillner.de<br \/>Inhalt: Verantwortlich f\u00fcr den Inhalt nach \u00a7 55 Abs. 2 RStV ist Sonja Ziller<\/p>\n<p><strong>Weitere rechtliche Hinweise<\/strong><\/p>\n<p><strong>Haftung f\u00fcr Inhalte<\/strong><br \/>Als Diensteanbieter bin ich gem\u00e4\u00df \u00a7 7 Abs.1 TMG f\u00fcr eigene Inhalte auf dieser Website nach den allgemeinen Gesetzen verantwortlich. Nach \u00a7\u00a7 8 bis 10 TMG bin ich als Diensteanbieter jedoch nicht verpflichtet, \u00fcbermittelte oder gespeicherte fremde Informationen zu \u00fcberwachen oder nach Umst\u00e4nden zu forschen, die auf eine rechtswidrige T\u00e4tigkeit hinweisen. Die Verpflichtungen zur Entfernung oder Sperrung der Nutzung von Informationen nach den allgemeinen Gesetzen bleiben hiervon unber\u00fchrt. Eine diesbez\u00fcgliche Haftung ist jedoch grunds\u00e4tzlich erst ab dem Zeitpunkt der Kenntnis einer konkreten Rechtsverletzung m\u00f6glich. Bei Bekanntwerden von entsprechenden Rechtverletzungen werde ich diese Inhalte umgehend entfernen oder entsprechend anpassen.<\/p>\n<p><strong>Haftung f\u00fcr Links<\/strong><br \/>Meine Website enth\u00e4lt Links zu externen Websites Dritter, auf deren Inhalte ich keinen Einfluss habe. Deshalb kann ich f\u00fcr diese fremden Inhalte auch keine Gew\u00e4hrleistung \u00fcbernehmen. F\u00fcr die Inhalte der verlinkten Websites ist stets der jeweilige Anbieter oder Websitebetreiber verantwortlich. Die von mir verlinkten Websites wurden zum Zeitpunkt der Verlinkung auf m\u00f6gliche Rechtsverst\u00f6\u00dfe \u00fcberpr\u00fcft. Rechtswidrige Inhalte waren zum Zeitpunkt der Verlinkung nicht erkennbar.<br \/>Eine permanente inhaltliche Kontrolle der verlinkten Websites ist jedoch ohne konkrete Anhaltspunkte einer Rechtsverletzung nicht zumutbar. Daher weise ich daraufhin, dass der Besuch von verlinkten Websites grunds\u00e4tzlich auf eigene Verantwortung geschieht. Bei Bekanntwerden von Rechtsverletzungen werde ich hiervon betroffene Links umgehend entfernen.<\/p>\n<p><strong>Urheberrecht<\/strong><br \/>S\u00e4mtliche durch den Seitenbetreiber erstellten Inhalte und Werke auf dieser Website unterliegen dem deutschen Urheberrecht. Die Vervielf\u00e4ltigung, Bearbeitung, Verbreitung und jede Art der Verwertung au\u00dferhalb der Grenzen des Urheberrechtes bed\u00fcrfen der schriftlichen Zustimmung des jeweiligen Autors bzw. Erstellers. Downloads und Kopien dieser Website sowie einzelner Inhalte sind nur f\u00fcr den privaten, nicht kommerziellen Gebrauch gestattet.<br \/>Soweit die Inhalte auf dieser Website nicht von der Betreiberin erstellt wurden, werden die Urheberrechte Dritter entsprechend beachtet. Insbesondere werden Inhalte Dritter je nach Umfang der erworbenen oder anderweitig gew\u00e4hrten Nutzungsrechte als solche gekennzeichnet. Sollten Sie dennoch auf eine Urheberrechtsverletzung oder ungenaue Kennzeichnung aufmerksam werden, bitten ich um einen entsprechenden Hinweis. Bei Bekanntwerden von Rechtsverletzungen werde ich derartige Inhalte umgehend entfernen oder die Kennzeichnung entsprechend anpassen.<\/p>\n<p><strong>Datenschutz<\/strong><br \/>Sie k\u00f6nnen meine Website grunds\u00e4tzlich ohne Angabe personenbezogener Daten nutzen. Sofern auf meine Website personenbezogene Daten (wie Name, Anschrift oder E-Mail-Adresse oder mithilfe von Cookies erhobene Nutzungsdaten) verarbeitet werden, erfolgt diese grunds\u00e4tzlich immer erst nach Ihrer freiwilligen und jederzeit widerrufbaren Einwilligung. Die personenbezogenen Daten werden nicht ohne Ihre ausdr\u00fcckliche Einwilligung an Dritte weitergegeben. Ich weise darauf hin, dass die Daten\u00fcbertragung im Internet (z.B. bei der Kommunikation per E-Mail) Sicherheitsl\u00fccken aufweisen kann. Soweit m\u00f6glich und angemessen habe ich insbesondere angemessene technische und organisatorische Ma\u00dfnahmen zum Schutz Ihrer Daten vor unberechtigtem Zugriff umgesetzt.<br \/>Hiermit widerspreche ich ausdr\u00fccklich jeglicher Nutzung von im Rahmen der Impressumspflicht ver\u00f6ffentlichten Kontaktdaten durch Dritte zur \u00dcbermittlung von nicht angeforderter Werbung oder sonstigen Informationsmaterialien. Als Websitebetreiber halte ich mir im Falle der ungew\u00fcnschten Zusendung von Werbeinformationen, etwa mittels Spam-Mails, rechtliche Schritte vor.<br \/>Weitere Informationen zum Datenschutz finden Sie in meiner Datenschutzerkl\u00e4rung.<\/p>[\/et_pb_text][\/et_pb_column][\/et_pb_row][\/et_pb_section]\n","protected":false},"excerpt":{"rendered":"<p>IMPRESSUMAngaben gem\u00e4\u00df \u00a7 55 Abs. 1 RStV: Prof. Sonja ZillnerGartenstr. 1486911 Diessen\u00a0 Kontakt:E-Mail: email@sonjazillner.deInhalt: Verantwortlich f\u00fcr den Inhalt nach \u00a7 55 Abs. 2 RStV ist Sonja Ziller Weitere rechtliche Hinweise Haftung f\u00fcr InhalteAls Diensteanbieter bin ich gem\u00e4\u00df \u00a7 7 Abs.1 TMG f\u00fcr eigene Inhalte auf dieser Website nach den allgemeinen Gesetzen verantwortlich. Nach \u00a7\u00a7 8 [&hellip;]<\/p>\n","protected":false},"author":1,"featured_media":0,"parent":0,"menu_order":0,"comment_status":"closed","ping_status":"closed","template":"","meta":{"_et_pb_use_builder":"on","_et_pb_old_content":"","_et_gb_content_width":"","footnotes":""},"dipi_cpt_category":[],"class_list":["post-71","page","type-page","status-publish","hentry"],"yoast_head":"<!-- This site is optimized with the Yoast SEO plugin v27.4 - https:\/\/yoast.com\/product\/yoast-seo-wordpress\/ -->\n<title>Impressum - Sonja Zillner<\/title>\n<meta name=\"robots\" content=\"index, follow, max-snippet:-1, max-image-preview:large, max-video-preview:-1\" \/>\n<link rel=\"canonical\" href=\"https:\/\/sonjazillner.de\/de\/impressum\/\" \/>\n<meta property=\"og:locale\" content=\"de_DE\" \/>\n<meta property=\"og:type\" content=\"article\" \/>\n<meta property=\"og:title\" content=\"Impressum - Sonja Zillner\" \/>\n<meta property=\"og:description\" content=\"IMPRESSUMAngaben gem\u00e4\u00df \u00a7 55 Abs. 1 RStV: Prof. Sonja ZillnerGartenstr. 1486911 Diessen\u00a0 Kontakt:E-Mail: email@sonjazillner.deInhalt: Verantwortlich f\u00fcr den Inhalt nach \u00a7 55 Abs. 2 RStV ist Sonja Ziller Weitere rechtliche Hinweise Haftung f\u00fcr InhalteAls Diensteanbieter bin ich gem\u00e4\u00df \u00a7 7 Abs.1 TMG f\u00fcr eigene Inhalte auf dieser Website nach den allgemeinen Gesetzen verantwortlich. Nach \u00a7\u00a7 8 [&hellip;]\" \/>\n<meta property=\"og:url\" content=\"https:\/\/sonjazillner.de\/de\/impressum\/\" \/>\n<meta property=\"og:site_name\" content=\"Sonja Zillner\" \/>\n<meta property=\"article:modified_time\" content=\"2025-10-26T18:26:16+00:00\" \/>\n<meta name=\"twitter:card\" content=\"summary_large_image\" \/>\n<meta name=\"twitter:label1\" content=\"Gesch\u00e4tzte Lesezeit\" \/>\n\t<meta name=\"twitter:data1\" content=\"3\u00a0Minuten\" \/>\n<script type=\"application\/ld+json\" class=\"yoast-schema-graph\">{\"@context\":\"https:\\\/\\\/schema.org\",\"@graph\":[{\"@type\":\"WebPage\",\"@id\":\"https:\\\/\\\/sonjazillner.de\\\/impressum\\\/\",\"url\":\"https:\\\/\\\/sonjazillner.de\\\/impressum\\\/\",\"name\":\"Impressum - Sonja Zillner\",\"isPartOf\":{\"@id\":\"https:\\\/\\\/sonjazillner.de\\\/#website\"},\"datePublished\":\"2021-01-21T11:43:33+00:00\",\"dateModified\":\"2025-10-26T18:26:16+00:00\",\"breadcrumb\":{\"@id\":\"https:\\\/\\\/sonjazillner.de\\\/impressum\\\/#breadcrumb\"},\"inLanguage\":\"de\",\"potentialAction\":[{\"@type\":\"ReadAction\",\"target\":[\"https:\\\/\\\/sonjazillner.de\\\/impressum\\\/\"]}]},{\"@type\":\"BreadcrumbList\",\"@id\":\"https:\\\/\\\/sonjazillner.de\\\/impressum\\\/#breadcrumb\",\"itemListElement\":[{\"@type\":\"ListItem\",\"position\":1,\"name\":\"Startseite\",\"item\":\"https:\\\/\\\/sonjazillner.de\\\/\"},{\"@type\":\"ListItem\",\"position\":2,\"name\":\"Impressum\"}]},{\"@type\":\"WebSite\",\"@id\":\"https:\\\/\\\/sonjazillner.de\\\/#website\",\"url\":\"https:\\\/\\\/sonjazillner.de\\\/\",\"name\":\"Sonja Zillner\",\"description\":\"Sonja Zillner\",\"potentialAction\":[{\"@type\":\"SearchAction\",\"target\":{\"@type\":\"EntryPoint\",\"urlTemplate\":\"https:\\\/\\\/sonjazillner.de\\\/?s={search_term_string}\"},\"query-input\":{\"@type\":\"PropertyValueSpecification\",\"valueRequired\":true,\"valueName\":\"search_term_string\"}}],\"inLanguage\":\"de\"}]}<\/script>\n<!-- \/ Yoast SEO plugin. -->","yoast_head_json":{"title":"Impressum - Sonja Zillner","robots":{"index":"index","follow":"follow","max-snippet":"max-snippet:-1","max-image-preview":"max-image-preview:large","max-video-preview":"max-video-preview:-1"},"canonical":"https:\/\/sonjazillner.de\/de\/impressum\/","og_locale":"de_DE","og_type":"article","og_title":"Impressum - Sonja Zillner","og_description":"IMPRESSUMAngaben gem\u00e4\u00df \u00a7 55 Abs. 1 RStV: Prof. Sonja ZillnerGartenstr. 1486911 Diessen\u00a0 Kontakt:E-Mail: email@sonjazillner.deInhalt: Verantwortlich f\u00fcr den Inhalt nach \u00a7 55 Abs. 2 RStV ist Sonja Ziller Weitere rechtliche Hinweise Haftung f\u00fcr InhalteAls Diensteanbieter bin ich gem\u00e4\u00df \u00a7 7 Abs.1 TMG f\u00fcr eigene Inhalte auf dieser Website nach den allgemeinen Gesetzen verantwortlich. Nach \u00a7\u00a7 8 [&hellip;]","og_url":"https:\/\/sonjazillner.de\/de\/impressum\/","og_site_name":"Sonja Zillner","article_modified_time":"2025-10-26T18:26:16+00:00","twitter_card":"summary_large_image","twitter_misc":{"Gesch\u00e4tzte Lesezeit":"3\u00a0Minuten"},"schema":{"@context":"https:\/\/schema.org","@graph":[{"@type":"WebPage","@id":"https:\/\/sonjazillner.de\/impressum\/","url":"https:\/\/sonjazillner.de\/impressum\/","name":"Impressum - Sonja Zillner","isPartOf":{"@id":"https:\/\/sonjazillner.de\/#website"},"datePublished":"2021-01-21T11:43:33+00:00","dateModified":"2025-10-26T18:26:16+00:00","breadcrumb":{"@id":"https:\/\/sonjazillner.de\/impressum\/#breadcrumb"},"inLanguage":"de","potentialAction":[{"@type":"ReadAction","target":["https:\/\/sonjazillner.de\/impressum\/"]}]},{"@type":"BreadcrumbList","@id":"https:\/\/sonjazillner.de\/impressum\/#breadcrumb","itemListElement":[{"@type":"ListItem","position":1,"name":"Startseite","item":"https:\/\/sonjazillner.de\/"},{"@type":"ListItem","position":2,"name":"Impressum"}]},{"@type":"WebSite","@id":"https:\/\/sonjazillner.de\/#website","url":"https:\/\/sonjazillner.de\/","name":"Sonja Zillner","description":"Sonja Zillner","potentialAction":[{"@type":"SearchAction","target":{"@type":"EntryPoint","urlTemplate":"https:\/\/sonjazillner.de\/?s={search_term_string}"},"query-input":{"@type":"PropertyValueSpecification","valueRequired":true,"valueName":"search_term_string"}}],"inLanguage":"de"}]}},"_links":{"self":[{"href":"https:\/\/sonjazillner.de\/de\/wp-json\/wp\/v2\/pages\/71","targetHints":{"allow":["GET"]}}],"collection":[{"href":"https:\/\/sonjazillner.de\/de\/wp-json\/wp\/v2\/pages"}],"about":[{"href":"https:\/\/sonjazillner.de\/de\/wp-json\/wp\/v2\/types\/page"}],"author":[{"embeddable":true,"href":"https:\/\/sonjazillner.de\/de\/wp-json\/wp\/v2\/users\/1"}],"replies":[{"embeddable":true,"href":"https:\/\/sonjazillner.de\/de\/wp-json\/wp\/v2\/comments?post=71"}],"version-history":[{"count":5,"href":"https:\/\/sonjazillner.de\/de\/wp-json\/wp\/v2\/pages\/71\/revisions"}],"predecessor-version":[{"id":53840,"href":"https:\/\/sonjazillner.de\/de\/wp-json\/wp\/v2\/pages\/71\/revisions\/53840"}],"wp:attachment":[{"href":"https:\/\/sonjazillner.de\/de\/wp-json\/wp\/v2\/media?parent=71"}],"wp:term":[{"taxonomy":"dipi_cpt_category","embeddable":true,"href":"https:\/\/sonjazillner.de\/de\/wp-json\/wp\/v2\/dipi_cpt_category?post=71"}],"curies":[{"name":"wp","href":"https:\/\/api.w.org\/{rel}","templated":true}]}}