{"id":15,"date":"2021-01-20T09:52:23","date_gmt":"2021-01-20T09:52:23","guid":{"rendered":"https:\/\/sonjazillner.de\/?page_id=15"},"modified":"2021-02-22T10:47:52","modified_gmt":"2021-02-22T10:47:52","slug":"home","status":"publish","type":"page","link":"https:\/\/sonjazillner.de\/de\/home\/","title":{"rendered":"MY TOPICS"},"content":{"rendered":"<p>[et_pb_section fb_built=&#8221;1&#8243; fullwidth=&#8221;on&#8221; admin_label=&#8221;Section&#8221; _builder_version=&#8221;4.9.0&#8243; _module_preset=&#8221;default&#8221; hover_enabled=&#8221;0&#8243; sticky_enabled=&#8221;0&#8243;][et_pb_fullwidth_slider _builder_version=&#8221;4.9.0&#8243; _module_preset=&#8221;default&#8221; header_font=&#8221;Overpass|700|||||||&#8221; body_font=&#8221;Overpass||||||||&#8221; body_font_size=&#8221;21px&#8221; body_line_height=&#8221;2em&#8221; custom_padding=&#8221;243px||184px|||&#8221; hover_enabled=&#8221;0&#8243; height=&#8221;611px&#8221; sticky_enabled=&#8221;0&#8243;][et_pb_slide heading=&#8221;Working Fields&#8221; _builder_version=&#8221;4.8.2&#8243; _module_preset=&#8221;default&#8221; background_enable_color=&#8221;off&#8221; use_background_color_gradient=&#8221;on&#8221; background_color_gradient_start=&#8221;rgba(0,0,0,0.43)&#8221; background_color_gradient_end=&#8221;rgba(0,0,0,0.37)&#8221; background_color_gradient_overlays_image=&#8221;on&#8221; background_image=&#8221;https:\/\/sonjazillner.de\/wp-content\/uploads\/2021\/01\/robotics-e1567070729499-1024&#215;309-1.png&#8221; background_enable_image=&#8221;on&#8221; custom_button=&#8221;on&#8221; button_text_size=&#8221;16px&#8221; sticky_transition=&#8221;on&#8221;][\/et_pb_slide][\/et_pb_fullwidth_slider][\/et_pb_section][et_pb_section fb_built=&#8221;1&#8243; _builder_version=&#8221;4.8.2&#8243; _module_preset=&#8221;default&#8221; background_color=&#8221;#f7f7f7&#8243; custom_padding=&#8221;||39px|||&#8221;][et_pb_row column_structure=&#8221;1_3,1_3,1_3&#8243; _builder_version=&#8221;4.7.7&#8243; _module_preset=&#8221;default&#8221; custom_margin=&#8221;-8px|auto||auto||&#8221; custom_padding=&#8221;0px||0px|||&#8221;][et_pb_column type=&#8221;1_3&#8243; _builder_version=&#8221;4.7.7&#8243; _module_preset=&#8221;default&#8221; border_radii=&#8221;on|9px|9px|9px|9px&#8221; box_shadow_style=&#8221;preset1&#8243;][et_pb_text _builder_version=&#8221;4.8.2&#8243; _module_preset=&#8221;default&#8221; header_2_font=&#8221;|700|||||||&#8221; header_2_text_color=&#8221;#ffffff&#8221; header_2_font_size=&#8221;21px&#8221; background_color=&#8221;#e5c5a7&#8243; custom_margin=&#8221;0px||0px||true|false&#8221; custom_padding=&#8221;68px|31px|15px|31px|false|true&#8221;]<\/p>\n<h2 class=\"info-box-title ht-5\">Industrial AI\u00a0 \u00a0 \u00a0 \u00a0 \u00a0 \u00a0 \u00a0 \u00a0 \u00a0 \u00a0 \u00a0 \u00a0 \u00a0 \u00a0 \u00a0 \u00a0 \u00a0 \u00a0 \u00a0 \u00a0\u00a0<\/h2>\n<p>[\/et_pb_text][et_pb_text _builder_version=&#8221;4.9.0&#8243; _module_preset=&#8221;default&#8221; custom_padding=&#8221;30px|10px|30px|21px|true|false&#8221; link_option_url=&#8221;https:\/\/sonjazillner.de\/industrial-ai\/&#8221;]<\/p>\n<p><span>Entwicklung neuer Methoden f\u00fcr die nahtlose Integration von Dom\u00e4nen-know-how in industrielle KI-Anwendungen f\u00fcr eine fundierte Entscheidungsfindung bei Endanwendern.<\/span><\/p>\n<p>[\/et_pb_text][et_pb_button button_url=&#8221;https:\/\/sonjazillner.de\/industrial-ai\/&#8221; button_text=&#8221;READ MORE&#8221; _builder_version=&#8221;4.9.0&#8243; _module_preset=&#8221;default&#8221; custom_button=&#8221;on&#8221; button_text_size=&#8221;15px&#8221; button_text_color=&#8221;#000000&#8243; custom_margin=&#8221;-37px||25px|18px|false|false&#8221; custom_padding=&#8221;|||13px|false|false&#8221;][\/et_pb_button][\/et_pb_column][et_pb_column type=&#8221;1_3&#8243; _builder_version=&#8221;4.7.7&#8243; _module_preset=&#8221;default&#8221; border_radii=&#8221;on|9px|9px|9px|9px&#8221; box_shadow_style=&#8221;preset1&#8243;][et_pb_text _builder_version=&#8221;4.8.2&#8243; _module_preset=&#8221;default&#8221; header_2_font=&#8221;|700|||||||&#8221; header_2_text_color=&#8221;#ffffff&#8221; header_2_font_size=&#8221;21px&#8221; background_color=&#8221;#7ebec5&#8243; custom_margin=&#8221;0px||0px||true|false&#8221; custom_padding=&#8221;68px|31px|15px|31px|false|true&#8221;]<\/p>\n<h2 class=\"info-box-title ht-5\">European Data Ecosystem<\/h2>\n<p>[\/et_pb_text][et_pb_text _builder_version=&#8221;4.7.7&#8243; _module_preset=&#8221;default&#8221; custom_padding=&#8221;30px|24px|30px|24px|true|true&#8221;]<\/p>\n<p><span>Vernetzung des europ\u00e4ischen KI-\u00d6kosystems sowie F\u00f6rderung des Aufbaus eines einheitlichen Rahmens, der f\u00fcr die Einf\u00fchrung von KI-Technologien in Europa erforderlich ist.<\/span><\/p>\n<p>[\/et_pb_text][et_pb_button button_url=&#8221;https:\/\/sonjazillner.de\/european-ai-ecosystem\/&#8221; button_text=&#8221;READ MORE&#8221; _builder_version=&#8221;4.9.0&#8243; _module_preset=&#8221;default&#8221; custom_button=&#8221;on&#8221; button_text_size=&#8221;15px&#8221; button_text_color=&#8221;#000000&#8243; custom_margin=&#8221;-37px||25px|20px|false|false&#8221; custom_padding=&#8221;|||13px|false|false&#8221;][\/et_pb_button][\/et_pb_column][et_pb_column type=&#8221;1_3&#8243; _builder_version=&#8221;4.7.7&#8243; _module_preset=&#8221;default&#8221; border_radii=&#8221;on|9px|9px|9px|9px&#8221; box_shadow_style=&#8221;preset1&#8243;][et_pb_text _builder_version=&#8221;4.9.0&#8243; _module_preset=&#8221;default&#8221; header_2_font=&#8221;|700|||||||&#8221; header_2_text_color=&#8221;#ffffff&#8221; header_2_font_size=&#8221;21px&#8221; background_color=&#8221;#252850&#8243; custom_margin=&#8221;0px||0px||true|false&#8221; custom_padding=&#8221;68px|37px|15px|37px|false|true&#8221;]<\/p>\n<h2 class=\"info-box-title ht-5\">Data-Driven <br \/>Innovation<\/h2>\n<p>[\/et_pb_text][et_pb_text _builder_version=&#8221;4.8.2&#8243; _module_preset=&#8221;default&#8221; custom_padding=&#8221;30px|3px|30px|20px|false|false&#8221;]<\/p>\n<p><span>Methoden &amp; Werkzeuge f\u00fcr datengetriebene Innovationen, die Studenten, Unternehmer und Experten aus der Industrie bei der Entwicklung und Skalierung von datengestriebenen Gesch\u00e4ftsm\u00f6glichkeiten unterst\u00fctzen.<\/span><\/p>\n<p>[\/et_pb_text][et_pb_button button_url=&#8221;https:\/\/sonjazillner.de\/data-driven-innovation\/&#8221; button_text=&#8221;READ MORE&#8221; _builder_version=&#8221;4.9.0&#8243; _module_preset=&#8221;default&#8221; custom_button=&#8221;on&#8221; button_text_size=&#8221;15px&#8221; button_text_color=&#8221;#000000&#8243; custom_margin=&#8221;-37px||25px|19px|false|false&#8221; custom_padding=&#8221;|||13px|false|false&#8221;][\/et_pb_button][\/et_pb_column][\/et_pb_row][\/et_pb_section]<\/p>","protected":false},"excerpt":{"rendered":"<p>Industrial AI\u00a0 \u00a0 \u00a0 \u00a0 \u00a0 \u00a0 \u00a0 \u00a0 \u00a0 \u00a0 \u00a0 \u00a0 \u00a0 \u00a0 \u00a0 \u00a0 \u00a0 \u00a0 \u00a0 \u00a0\u00a0Developing new methods for the seamless integration of domain know-how in industrial AI applications to ensure informed decision making of end-users.European Data EcosystemConnecting the European AI ecosystem as well as stimulating the setup of an [&hellip;]<\/p>","protected":false},"author":1,"featured_media":0,"parent":0,"menu_order":0,"comment_status":"closed","ping_status":"closed","template":"","meta":{"_et_pb_use_builder":"on","_et_pb_old_content":"","_et_gb_content_width":"","footnotes":""},"dipi_cpt_category":[],"class_list":["post-15","page","type-page","status-publish","hentry"],"yoast_head":"<!-- This site is optimized with the Yoast SEO plugin v26.2 - https:\/\/yoast.com\/wordpress\/plugins\/seo\/ -->\n<title>MY TOPICS - Sonja Zillner<\/title>\n<meta name=\"robots\" content=\"index, follow, max-snippet:-1, max-image-preview:large, max-video-preview:-1\" \/>\n<link rel=\"canonical\" href=\"https:\/\/sonjazillner.de\/de\/home\/\" \/>\n<meta property=\"og:locale\" content=\"de_DE\" \/>\n<meta property=\"og:type\" content=\"article\" \/>\n<meta property=\"og:title\" content=\"MY TOPICS - Sonja Zillner\" \/>\n<meta property=\"og:description\" content=\"Industrial AI\u00a0 \u00a0 \u00a0 \u00a0 \u00a0 \u00a0 \u00a0 \u00a0 \u00a0 \u00a0 \u00a0 \u00a0 \u00a0 \u00a0 \u00a0 \u00a0 \u00a0 \u00a0 \u00a0 \u00a0\u00a0Developing new methods for the seamless integration of domain know-how in industrial AI applications to ensure informed decision making of end-users.European Data EcosystemConnecting the European AI ecosystem as well as stimulating the setup of an [&hellip;]\" \/>\n<meta property=\"og:url\" content=\"https:\/\/sonjazillner.de\/de\/home\/\" \/>\n<meta property=\"og:site_name\" content=\"Sonja Zillner\" \/>\n<meta property=\"article:modified_time\" content=\"2021-02-22T10:47:52+00:00\" \/>\n<meta name=\"twitter:card\" content=\"summary_large_image\" \/>\n<meta name=\"twitter:label1\" content=\"Gesch\u00e4tzte Lesezeit\" \/>\n\t<meta name=\"twitter:data1\" content=\"3\u00a0Minuten\" \/>\n<script type=\"application\/ld+json\" class=\"yoast-schema-graph\">{\"@context\":\"https:\/\/schema.org\",\"@graph\":[{\"@type\":\"WebPage\",\"@id\":\"https:\/\/sonjazillner.de\/home\/\",\"url\":\"https:\/\/sonjazillner.de\/home\/\",\"name\":\"MY TOPICS - Sonja Zillner\",\"isPartOf\":{\"@id\":\"https:\/\/sonjazillner.de\/#website\"},\"datePublished\":\"2021-01-20T09:52:23+00:00\",\"dateModified\":\"2021-02-22T10:47:52+00:00\",\"breadcrumb\":{\"@id\":\"https:\/\/sonjazillner.de\/home\/#breadcrumb\"},\"inLanguage\":\"de\",\"potentialAction\":[{\"@type\":\"ReadAction\",\"target\":[\"https:\/\/sonjazillner.de\/home\/\"]}]},{\"@type\":\"BreadcrumbList\",\"@id\":\"https:\/\/sonjazillner.de\/home\/#breadcrumb\",\"itemListElement\":[{\"@type\":\"ListItem\",\"position\":1,\"name\":\"Startseite\",\"item\":\"https:\/\/sonjazillner.de\/\"},{\"@type\":\"ListItem\",\"position\":2,\"name\":\"MY TOPICS\"}]},{\"@type\":\"WebSite\",\"@id\":\"https:\/\/sonjazillner.de\/#website\",\"url\":\"https:\/\/sonjazillner.de\/\",\"name\":\"Sonja Zillner\",\"description\":\"Sonja Zillner\",\"potentialAction\":[{\"@type\":\"SearchAction\",\"target\":{\"@type\":\"EntryPoint\",\"urlTemplate\":\"https:\/\/sonjazillner.de\/?s={search_term_string}\"},\"query-input\":{\"@type\":\"PropertyValueSpecification\",\"valueRequired\":true,\"valueName\":\"search_term_string\"}}],\"inLanguage\":\"de\"}]}<\/script>\n<!-- \/ Yoast SEO plugin. -->","yoast_head_json":{"title":"MY TOPICS - Sonja Zillner","robots":{"index":"index","follow":"follow","max-snippet":"max-snippet:-1","max-image-preview":"max-image-preview:large","max-video-preview":"max-video-preview:-1"},"canonical":"https:\/\/sonjazillner.de\/de\/home\/","og_locale":"de_DE","og_type":"article","og_title":"MY TOPICS - Sonja Zillner","og_description":"Industrial AI\u00a0 \u00a0 \u00a0 \u00a0 \u00a0 \u00a0 \u00a0 \u00a0 \u00a0 \u00a0 \u00a0 \u00a0 \u00a0 \u00a0 \u00a0 \u00a0 \u00a0 \u00a0 \u00a0 \u00a0\u00a0Developing new methods for the seamless integration of domain know-how in industrial AI applications to ensure informed decision making of end-users.European Data EcosystemConnecting the European AI ecosystem as well as stimulating the setup of an [&hellip;]","og_url":"https:\/\/sonjazillner.de\/de\/home\/","og_site_name":"Sonja Zillner","article_modified_time":"2021-02-22T10:47:52+00:00","twitter_card":"summary_large_image","twitter_misc":{"Gesch\u00e4tzte Lesezeit":"3\u00a0Minuten"},"schema":{"@context":"https:\/\/schema.org","@graph":[{"@type":"WebPage","@id":"https:\/\/sonjazillner.de\/home\/","url":"https:\/\/sonjazillner.de\/home\/","name":"MY TOPICS - Sonja Zillner","isPartOf":{"@id":"https:\/\/sonjazillner.de\/#website"},"datePublished":"2021-01-20T09:52:23+00:00","dateModified":"2021-02-22T10:47:52+00:00","breadcrumb":{"@id":"https:\/\/sonjazillner.de\/home\/#breadcrumb"},"inLanguage":"de","potentialAction":[{"@type":"ReadAction","target":["https:\/\/sonjazillner.de\/home\/"]}]},{"@type":"BreadcrumbList","@id":"https:\/\/sonjazillner.de\/home\/#breadcrumb","itemListElement":[{"@type":"ListItem","position":1,"name":"Startseite","item":"https:\/\/sonjazillner.de\/"},{"@type":"ListItem","position":2,"name":"MY TOPICS"}]},{"@type":"WebSite","@id":"https:\/\/sonjazillner.de\/#website","url":"https:\/\/sonjazillner.de\/","name":"Sonja Zillner","description":"Sonja Zillner","potentialAction":[{"@type":"SearchAction","target":{"@type":"EntryPoint","urlTemplate":"https:\/\/sonjazillner.de\/?s={search_term_string}"},"query-input":{"@type":"PropertyValueSpecification","valueRequired":true,"valueName":"search_term_string"}}],"inLanguage":"de"}]}},"_links":{"self":[{"href":"https:\/\/sonjazillner.de\/de\/wp-json\/wp\/v2\/pages\/15","targetHints":{"allow":["GET"]}}],"collection":[{"href":"https:\/\/sonjazillner.de\/de\/wp-json\/wp\/v2\/pages"}],"about":[{"href":"https:\/\/sonjazillner.de\/de\/wp-json\/wp\/v2\/types\/page"}],"author":[{"embeddable":true,"href":"https:\/\/sonjazillner.de\/de\/wp-json\/wp\/v2\/users\/1"}],"replies":[{"embeddable":true,"href":"https:\/\/sonjazillner.de\/de\/wp-json\/wp\/v2\/comments?post=15"}],"version-history":[{"count":19,"href":"https:\/\/sonjazillner.de\/de\/wp-json\/wp\/v2\/pages\/15\/revisions"}],"predecessor-version":[{"id":53270,"href":"https:\/\/sonjazillner.de\/de\/wp-json\/wp\/v2\/pages\/15\/revisions\/53270"}],"wp:attachment":[{"href":"https:\/\/sonjazillner.de\/de\/wp-json\/wp\/v2\/media?parent=15"}],"wp:term":[{"taxonomy":"dipi_cpt_category","embeddable":true,"href":"https:\/\/sonjazillner.de\/de\/wp-json\/wp\/v2\/dipi_cpt_category?post=15"}],"curies":[{"name":"wp","href":"https:\/\/api.w.org\/{rel}","templated":true}]}}